{"id":537,"date":"2024-03-19T10:07:00","date_gmt":"2024-03-19T10:07:00","guid":{"rendered":"https:\/\/generoyadicciones.fundacionatenea.org\/?page_id=537"},"modified":"2026-04-29T08:43:34","modified_gmt":"2026-04-29T08:43:34","slug":"retransmision-en-vivo","status":"publish","type":"page","link":"https:\/\/generoyadicciones.fundacionatenea.org\/?page_id=537","title":{"rendered":"Retransmisi\u00f3n en vivo"},"content":{"rendered":"\t\t<div data-elementor-type=\"wp-page\" data-elementor-id=\"537\" class=\"elementor elementor-537\" data-elementor-post-type=\"page\">\n\t\t\t\t\t\t<section class=\"elementor-section elementor-top-section elementor-element elementor-element-1b5780b elementor-section-boxed elementor-section-height-default elementor-section-height-default\" data-id=\"1b5780b\" data-element_type=\"section\">\n\t\t\t\t\t\t<div class=\"elementor-container elementor-column-gap-default\">\n\t\t\t\t\t<div class=\"elementor-column elementor-col-100 elementor-top-column elementor-element elementor-element-8705797\" data-id=\"8705797\" data-element_type=\"column\">\n\t\t\t<div class=\"elementor-widget-wrap\">\n\t\t\t\t\t\t\t<\/div>\n\t\t<\/div>\n\t\t\t\t\t<\/div>\n\t\t<\/section>\n\t\t\t\t<section class=\"elementor-section elementor-top-section elementor-element elementor-element-4031b19 elementor-section-boxed elementor-section-height-default elementor-section-height-default\" data-id=\"4031b19\" data-element_type=\"section\">\n\t\t\t\t\t\t<div class=\"elementor-container elementor-column-gap-default\">\n\t\t\t\t\t<div class=\"elementor-column elementor-col-100 elementor-top-column elementor-element elementor-element-a293fea\" data-id=\"a293fea\" data-element_type=\"column\">\n\t\t\t<div class=\"elementor-widget-wrap elementor-element-populated\">\n\t\t\t\t\t\t<div class=\"elementor-element elementor-element-d421b90 elementor-widget elementor-widget-heading\" data-id=\"d421b90\" data-element_type=\"widget\" data-widget_type=\"heading.default\">\n\t\t\t\t<div class=\"elementor-widget-container\">\n\t\t\t<style>\/*! elementor - v3.20.0 - 13-03-2024 *\/\n.elementor-heading-title{padding:0;margin:0;line-height:1}.elementor-widget-heading .elementor-heading-title[class*=elementor-size-]>a{color:inherit;font-size:inherit;line-height:inherit}.elementor-widget-heading .elementor-heading-title.elementor-size-small{font-size:15px}.elementor-widget-heading .elementor-heading-title.elementor-size-medium{font-size:19px}.elementor-widget-heading .elementor-heading-title.elementor-size-large{font-size:29px}.elementor-widget-heading .elementor-heading-title.elementor-size-xl{font-size:39px}.elementor-widget-heading .elementor-heading-title.elementor-size-xxl{font-size:59px}<\/style><h2 class=\"elementor-heading-title elementor-size-default\">Retransmisi\u00f3n en directo <\/h2>\t\t<\/div>\n\t\t\t\t<\/div>\n\t\t\t\t<div class=\"elementor-element elementor-element-9bfb3ed elementor-widget elementor-widget-video\" data-id=\"9bfb3ed\" data-element_type=\"widget\" data-settings=\"{&quot;youtube_url&quot;:&quot;https:\\\/\\\/youtube.com\\\/live\\\/waNKnjGqL5c?feature=share&quot;,&quot;show_image_overlay&quot;:&quot;yes&quot;,&quot;image_overlay&quot;:{&quot;url&quot;:&quot;https:\\\/\\\/generoyadicciones.fundacionatenea.org\\\/wp-content\\\/uploads\\\/2026\\\/04\\\/cartela-XI-Jornada-Genero-y-Adicciones.jpg&quot;,&quot;id&quot;:700,&quot;size&quot;:&quot;&quot;,&quot;alt&quot;:&quot;&quot;,&quot;source&quot;:&quot;library&quot;},&quot;video_type&quot;:&quot;youtube&quot;,&quot;controls&quot;:&quot;yes&quot;}\" data-widget_type=\"video.default\">\n\t\t\t\t<div class=\"elementor-widget-container\">\n\t\t\t<style>\/*! elementor - v3.20.0 - 13-03-2024 *\/\n.elementor-widget-video .elementor-widget-container{overflow:hidden;transform:translateZ(0)}.elementor-widget-video .elementor-wrapper{aspect-ratio:var(--video-aspect-ratio)}.elementor-widget-video .elementor-wrapper iframe,.elementor-widget-video .elementor-wrapper video{height:100%;width:100%;display:flex;border:none;background-color:#000}@supports not (aspect-ratio:1\/1){.elementor-widget-video .elementor-wrapper{position:relative;overflow:hidden;height:0;padding-bottom:calc(100% \/ var(--video-aspect-ratio))}.elementor-widget-video .elementor-wrapper iframe,.elementor-widget-video .elementor-wrapper video{position:absolute;top:0;right:0;bottom:0;left:0}}.elementor-widget-video .elementor-open-inline .elementor-custom-embed-image-overlay{position:absolute;top:0;right:0;bottom:0;left:0;background-size:cover;background-position:50%}.elementor-widget-video .elementor-custom-embed-image-overlay{cursor:pointer;text-align:center}.elementor-widget-video .elementor-custom-embed-image-overlay:hover .elementor-custom-embed-play i{opacity:1}.elementor-widget-video .elementor-custom-embed-image-overlay img{display:block;width:100%;aspect-ratio:var(--video-aspect-ratio);-o-object-fit:cover;object-fit:cover;-o-object-position:center center;object-position:center center}@supports not (aspect-ratio:1\/1){.elementor-widget-video .elementor-custom-embed-image-overlay{position:relative;overflow:hidden;height:0;padding-bottom:calc(100% \/ var(--video-aspect-ratio))}.elementor-widget-video .elementor-custom-embed-image-overlay img{position:absolute;top:0;right:0;bottom:0;left:0}}.elementor-widget-video .e-hosted-video .elementor-video{-o-object-fit:cover;object-fit:cover}.e-con-inner>.elementor-widget-video,.e-con>.elementor-widget-video{width:var(--container-widget-width);--flex-grow:var(--container-widget-flex-grow)}<\/style>\t\t<div class=\"elementor-wrapper elementor-open-inline\">\n\t\t\t<div class=\"elementor-video\"><\/div>\t\t\t\t<div class=\"elementor-custom-embed-image-overlay\" style=\"background-image: url(https:\/\/generoyadicciones.fundacionatenea.org\/wp-content\/uploads\/2026\/04\/cartela-XI-Jornada-Genero-y-Adicciones.jpg);\">\n\t\t\t\t\t\t\t\t\t\t\t\t\t\t\t\t<div class=\"elementor-custom-embed-play\" role=\"button\" aria-label=\"Reproducir v\u00eddeo\" tabindex=\"0\">\n\t\t\t\t\t\t\t<svg aria-hidden=\"true\" class=\"e-font-icon-svg e-eicon-play\" viewBox=\"0 0 1000 1000\" xmlns=\"http:\/\/www.w3.org\/2000\/svg\"><path d=\"M838 162C746 71 633 25 500 25 371 25 258 71 163 162 71 254 25 367 25 500 25 633 71 746 163 837 254 929 367 979 500 979 633 979 746 933 838 837 929 746 975 633 975 500 975 367 929 254 838 162M808 192C892 279 933 379 933 500 933 621 892 725 808 808 725 892 621 938 500 938 379 938 279 896 196 808 113 725 67 621 67 500 67 379 108 279 196 192 279 108 383 62 500 62 621 62 721 108 808 192M438 392V642L642 517 438 392Z\"><\/path><\/svg>\t\t\t\t\t\t\t<span class=\"elementor-screen-only\">Reproducir v\u00eddeo<\/span>\n\t\t\t\t\t\t<\/div>\n\t\t\t\t\t\t\t\t\t<\/div>\n\t\t\t\t\t<\/div>\n\t\t\t\t<\/div>\n\t\t\t\t<\/div>\n\t\t\t\t\t<\/div>\n\t\t<\/div>\n\t\t\t\t\t<\/div>\n\t\t<\/section>\n\t\t\t\t<\/div>\n\t\t","protected":false},"excerpt":{"rendered":"<p>Retransmisi\u00f3n en directo https:\/\/youtube.com\/live\/waNKnjGqL5c?feature=share<\/p>\n","protected":false},"author":1,"featured_media":0,"parent":0,"menu_order":0,"comment_status":"closed","ping_status":"closed","template":"","meta":{"site-sidebar-layout":"no-sidebar","site-content-layout":"","ast-site-content-layout":"full-width-container","site-content-style":"default","site-sidebar-style":"default","ast-global-header-display":"","ast-banner-title-visibility":"","ast-main-header-display":"","ast-hfb-above-header-display":"","ast-hfb-below-header-display":"","ast-hfb-mobile-header-display":"","site-post-title":"disabled","ast-breadcrumbs-content":"","ast-featured-img":"disabled","footer-sml-layout":"","theme-transparent-header-meta":"","adv-header-id-meta":"","stick-header-meta":"","header-above-stick-meta":"","header-main-stick-meta":"","header-below-stick-meta":"","astra-migrate-meta-layouts":"default","ast-page-background-enabled":"default","ast-page-background-meta":{"desktop":{"background-color":"var(--ast-global-color-4)","background-image":"","background-repeat":"repeat","background-position":"center center","background-size":"auto","background-attachment":"scroll","background-type":"","background-media":"","overlay-type":"","overlay-color":"","overlay-gradient":""},"tablet":{"background-color":"","background-image":"","background-repeat":"repeat","background-position":"center center","background-size":"auto","background-attachment":"scroll","background-type":"","background-media":"","overlay-type":"","overlay-color":"","overlay-gradient":""},"mobile":{"background-color":"","background-image":"","background-repeat":"repeat","background-position":"center center","background-size":"auto","background-attachment":"scroll","background-type":"","background-media":"","overlay-type":"","overlay-color":"","overlay-gradient":""}},"ast-content-background-meta":{"desktop":{"background-color":"var(--ast-global-color-5)","background-image":"","background-repeat":"repeat","background-position":"center center","background-size":"auto","background-attachment":"scroll","background-type":"","background-media":"","overlay-type":"","overlay-color":"","overlay-gradient":""},"tablet":{"background-color":"var(--ast-global-color-5)","background-image":"","background-repeat":"repeat","background-position":"center center","background-size":"auto","background-attachment":"scroll","background-type":"","background-media":"","overlay-type":"","overlay-color":"","overlay-gradient":""},"mobile":{"background-color":"var(--ast-global-color-5)","background-image":"","background-repeat":"repeat","background-position":"center center","background-size":"auto","background-attachment":"scroll","background-type":"","background-media":"","overlay-type":"","overlay-color":"","overlay-gradient":""}},"footnotes":""},"class_list":["post-537","page","type-page","status-publish","hentry"],"yoast_head":"<!-- This site is optimized with the Yoast SEO plugin v22.2 - https:\/\/yoast.com\/wordpress\/plugins\/seo\/ -->\n<title>Retransmisi\u00f3n en vivo - G\u00e9nero y Adicciones<\/title>\n<meta name=\"robots\" content=\"index, follow, max-snippet:-1, max-image-preview:large, max-video-preview:-1\" \/>\n<link rel=\"canonical\" href=\"https:\/\/generoyadicciones.fundacionatenea.org\/?page_id=537\" \/>\n<meta property=\"og:locale\" content=\"es_ES\" \/>\n<meta property=\"og:type\" content=\"article\" \/>\n<meta property=\"og:title\" content=\"Retransmisi\u00f3n en vivo - G\u00e9nero y Adicciones\" \/>\n<meta property=\"og:description\" content=\"Retransmisi\u00f3n en directo https:\/\/youtube.com\/live\/waNKnjGqL5c?feature=share\" \/>\n<meta property=\"og:url\" content=\"https:\/\/generoyadicciones.fundacionatenea.org\/?page_id=537\" \/>\n<meta property=\"og:site_name\" content=\"G\u00e9nero y Adicciones\" \/>\n<meta property=\"article:modified_time\" content=\"2026-04-29T08:43:34+00:00\" \/>\n<meta name=\"twitter:card\" content=\"summary_large_image\" \/>\n<meta name=\"twitter:label1\" content=\"Tiempo de lectura\" \/>\n\t<meta name=\"twitter:data1\" content=\"1 minuto\" \/>\n<script type=\"application\/ld+json\" class=\"yoast-schema-graph\">{\"@context\":\"https:\/\/schema.org\",\"@graph\":[{\"@type\":\"WebPage\",\"@id\":\"https:\/\/generoyadicciones.fundacionatenea.org\/?page_id=537\",\"url\":\"https:\/\/generoyadicciones.fundacionatenea.org\/?page_id=537\",\"name\":\"Retransmisi\u00f3n en vivo - G\u00e9nero y Adicciones\",\"isPartOf\":{\"@id\":\"https:\/\/generoyadicciones.fundacionatenea.org\/#website\"},\"datePublished\":\"2024-03-19T10:07:00+00:00\",\"dateModified\":\"2026-04-29T08:43:34+00:00\",\"breadcrumb\":{\"@id\":\"https:\/\/generoyadicciones.fundacionatenea.org\/?page_id=537#breadcrumb\"},\"inLanguage\":\"es\",\"potentialAction\":[{\"@type\":\"ReadAction\",\"target\":[\"https:\/\/generoyadicciones.fundacionatenea.org\/?page_id=537\"]}]},{\"@type\":\"BreadcrumbList\",\"@id\":\"https:\/\/generoyadicciones.fundacionatenea.org\/?page_id=537#breadcrumb\",\"itemListElement\":[{\"@type\":\"ListItem\",\"position\":1,\"name\":\"Portada\",\"item\":\"https:\/\/generoyadicciones.fundacionatenea.org\/\"},{\"@type\":\"ListItem\",\"position\":2,\"name\":\"Retransmisi\u00f3n en vivo\"}]},{\"@type\":\"WebSite\",\"@id\":\"https:\/\/generoyadicciones.fundacionatenea.org\/#website\",\"url\":\"https:\/\/generoyadicciones.fundacionatenea.org\/\",\"name\":\"G\u00e9nero y Adicciones\",\"description\":\"\",\"publisher\":{\"@id\":\"https:\/\/generoyadicciones.fundacionatenea.org\/#organization\"},\"potentialAction\":[{\"@type\":\"SearchAction\",\"target\":{\"@type\":\"EntryPoint\",\"urlTemplate\":\"https:\/\/generoyadicciones.fundacionatenea.org\/?s={search_term_string}\"},\"query-input\":\"required name=search_term_string\"}],\"inLanguage\":\"es\"},{\"@type\":\"Organization\",\"@id\":\"https:\/\/generoyadicciones.fundacionatenea.org\/#organization\",\"name\":\"G\u00e9nero y Adicciones\",\"url\":\"https:\/\/generoyadicciones.fundacionatenea.org\/\",\"logo\":{\"@type\":\"ImageObject\",\"inLanguage\":\"es\",\"@id\":\"https:\/\/generoyadicciones.fundacionatenea.org\/#\/schema\/logo\/image\/\",\"url\":\"https:\/\/generoyadicciones.fundacionatenea.org\/wp-content\/uploads\/2024\/03\/5c23f5ea96bb88b2c791559baf0fbf16_400x400.jpeg\",\"contentUrl\":\"https:\/\/generoyadicciones.fundacionatenea.org\/wp-content\/uploads\/2024\/03\/5c23f5ea96bb88b2c791559baf0fbf16_400x400.jpeg\",\"width\":400,\"height\":400,\"caption\":\"G\u00e9nero y Adicciones\"},\"image\":{\"@id\":\"https:\/\/generoyadicciones.fundacionatenea.org\/#\/schema\/logo\/image\/\"}}]}<\/script>\n<!-- \/ Yoast SEO plugin. -->","yoast_head_json":{"title":"Retransmisi\u00f3n en vivo - G\u00e9nero y Adicciones","robots":{"index":"index","follow":"follow","max-snippet":"max-snippet:-1","max-image-preview":"max-image-preview:large","max-video-preview":"max-video-preview:-1"},"canonical":"https:\/\/generoyadicciones.fundacionatenea.org\/?page_id=537","og_locale":"es_ES","og_type":"article","og_title":"Retransmisi\u00f3n en vivo - G\u00e9nero y Adicciones","og_description":"Retransmisi\u00f3n en directo https:\/\/youtube.com\/live\/waNKnjGqL5c?feature=share","og_url":"https:\/\/generoyadicciones.fundacionatenea.org\/?page_id=537","og_site_name":"G\u00e9nero y Adicciones","article_modified_time":"2026-04-29T08:43:34+00:00","twitter_card":"summary_large_image","twitter_misc":{"Tiempo de lectura":"1 minuto"},"schema":{"@context":"https:\/\/schema.org","@graph":[{"@type":"WebPage","@id":"https:\/\/generoyadicciones.fundacionatenea.org\/?page_id=537","url":"https:\/\/generoyadicciones.fundacionatenea.org\/?page_id=537","name":"Retransmisi\u00f3n en vivo - G\u00e9nero y Adicciones","isPartOf":{"@id":"https:\/\/generoyadicciones.fundacionatenea.org\/#website"},"datePublished":"2024-03-19T10:07:00+00:00","dateModified":"2026-04-29T08:43:34+00:00","breadcrumb":{"@id":"https:\/\/generoyadicciones.fundacionatenea.org\/?page_id=537#breadcrumb"},"inLanguage":"es","potentialAction":[{"@type":"ReadAction","target":["https:\/\/generoyadicciones.fundacionatenea.org\/?page_id=537"]}]},{"@type":"BreadcrumbList","@id":"https:\/\/generoyadicciones.fundacionatenea.org\/?page_id=537#breadcrumb","itemListElement":[{"@type":"ListItem","position":1,"name":"Portada","item":"https:\/\/generoyadicciones.fundacionatenea.org\/"},{"@type":"ListItem","position":2,"name":"Retransmisi\u00f3n en vivo"}]},{"@type":"WebSite","@id":"https:\/\/generoyadicciones.fundacionatenea.org\/#website","url":"https:\/\/generoyadicciones.fundacionatenea.org\/","name":"G\u00e9nero y Adicciones","description":"","publisher":{"@id":"https:\/\/generoyadicciones.fundacionatenea.org\/#organization"},"potentialAction":[{"@type":"SearchAction","target":{"@type":"EntryPoint","urlTemplate":"https:\/\/generoyadicciones.fundacionatenea.org\/?s={search_term_string}"},"query-input":"required name=search_term_string"}],"inLanguage":"es"},{"@type":"Organization","@id":"https:\/\/generoyadicciones.fundacionatenea.org\/#organization","name":"G\u00e9nero y Adicciones","url":"https:\/\/generoyadicciones.fundacionatenea.org\/","logo":{"@type":"ImageObject","inLanguage":"es","@id":"https:\/\/generoyadicciones.fundacionatenea.org\/#\/schema\/logo\/image\/","url":"https:\/\/generoyadicciones.fundacionatenea.org\/wp-content\/uploads\/2024\/03\/5c23f5ea96bb88b2c791559baf0fbf16_400x400.jpeg","contentUrl":"https:\/\/generoyadicciones.fundacionatenea.org\/wp-content\/uploads\/2024\/03\/5c23f5ea96bb88b2c791559baf0fbf16_400x400.jpeg","width":400,"height":400,"caption":"G\u00e9nero y Adicciones"},"image":{"@id":"https:\/\/generoyadicciones.fundacionatenea.org\/#\/schema\/logo\/image\/"}}]}},"_links":{"self":[{"href":"https:\/\/generoyadicciones.fundacionatenea.org\/index.php?rest_route=\/wp\/v2\/pages\/537","targetHints":{"allow":["GET"]}}],"collection":[{"href":"https:\/\/generoyadicciones.fundacionatenea.org\/index.php?rest_route=\/wp\/v2\/pages"}],"about":[{"href":"https:\/\/generoyadicciones.fundacionatenea.org\/index.php?rest_route=\/wp\/v2\/types\/page"}],"author":[{"embeddable":true,"href":"https:\/\/generoyadicciones.fundacionatenea.org\/index.php?rest_route=\/wp\/v2\/users\/1"}],"replies":[{"embeddable":true,"href":"https:\/\/generoyadicciones.fundacionatenea.org\/index.php?rest_route=%2Fwp%2Fv2%2Fcomments&post=537"}],"version-history":[{"count":22,"href":"https:\/\/generoyadicciones.fundacionatenea.org\/index.php?rest_route=\/wp\/v2\/pages\/537\/revisions"}],"predecessor-version":[{"id":716,"href":"https:\/\/generoyadicciones.fundacionatenea.org\/index.php?rest_route=\/wp\/v2\/pages\/537\/revisions\/716"}],"wp:attachment":[{"href":"https:\/\/generoyadicciones.fundacionatenea.org\/index.php?rest_route=%2Fwp%2Fv2%2Fmedia&parent=537"}],"curies":[{"name":"wp","href":"https:\/\/api.w.org\/{rel}","templated":true}]}}