{"id":407,"date":"2024-03-18T15:12:33","date_gmt":"2024-03-18T15:12:33","guid":{"rendered":"https:\/\/generoyadicciones.fundacionatenea.org\/?page_id=407"},"modified":"2026-04-29T08:41:50","modified_gmt":"2026-04-29T08:41:50","slug":"contacto","status":"publish","type":"page","link":"https:\/\/generoyadicciones.fundacionatenea.org\/?page_id=407","title":{"rendered":"Contacto"},"content":{"rendered":"\t\t<div data-elementor-type=\"wp-page\" data-elementor-id=\"407\" class=\"elementor elementor-407\" data-elementor-post-type=\"page\">\n\t\t\t\t\t\t<section class=\"elementor-section elementor-top-section elementor-element elementor-element-0a49944 elementor-section-boxed elementor-section-height-default elementor-section-height-default\" data-id=\"0a49944\" data-element_type=\"section\">\n\t\t\t\t\t\t<div class=\"elementor-container elementor-column-gap-default\">\n\t\t\t\t\t<div class=\"elementor-column elementor-col-100 elementor-top-column elementor-element elementor-element-8fc58fe\" data-id=\"8fc58fe\" data-element_type=\"column\">\n\t\t\t<div class=\"elementor-widget-wrap elementor-element-populated\">\n\t\t\t\t\t\t<div class=\"elementor-element elementor-element-bb49be4 elementor-widget elementor-widget-heading\" data-id=\"bb49be4\" data-element_type=\"widget\" data-widget_type=\"heading.default\">\n\t\t\t\t<div class=\"elementor-widget-container\">\n\t\t\t<style>\/*! elementor - v3.20.0 - 13-03-2024 *\/\n.elementor-heading-title{padding:0;margin:0;line-height:1}.elementor-widget-heading .elementor-heading-title[class*=elementor-size-]>a{color:inherit;font-size:inherit;line-height:inherit}.elementor-widget-heading .elementor-heading-title.elementor-size-small{font-size:15px}.elementor-widget-heading .elementor-heading-title.elementor-size-medium{font-size:19px}.elementor-widget-heading .elementor-heading-title.elementor-size-large{font-size:29px}.elementor-widget-heading .elementor-heading-title.elementor-size-xl{font-size:39px}.elementor-widget-heading .elementor-heading-title.elementor-size-xxl{font-size:59px}<\/style><h2 class=\"elementor-heading-title elementor-size-default\">Contacta con nosotros<\/h2>\t\t<\/div>\n\t\t\t\t<\/div>\n\t\t\t\t<div class=\"elementor-element elementor-element-0acb63c elementor-widget elementor-widget-text-editor\" data-id=\"0acb63c\" data-element_type=\"widget\" data-widget_type=\"text-editor.default\">\n\t\t\t\t<div class=\"elementor-widget-container\">\n\t\t\t<style>\/*! elementor - v3.20.0 - 13-03-2024 *\/\n.elementor-widget-text-editor.elementor-drop-cap-view-stacked .elementor-drop-cap{background-color:#69727d;color:#fff}.elementor-widget-text-editor.elementor-drop-cap-view-framed .elementor-drop-cap{color:#69727d;border:3px solid;background-color:transparent}.elementor-widget-text-editor:not(.elementor-drop-cap-view-default) .elementor-drop-cap{margin-top:8px}.elementor-widget-text-editor:not(.elementor-drop-cap-view-default) .elementor-drop-cap-letter{width:1em;height:1em}.elementor-widget-text-editor .elementor-drop-cap{float:left;text-align:center;line-height:1;font-size:50px}.elementor-widget-text-editor .elementor-drop-cap-letter{display:inline-block}<\/style>\t\t\t\t<strong>\u00c1rea de de Gesti\u00f3n del conocimiento\n<\/strong>\t\t\t\t\t\t<\/div>\n\t\t\t\t<\/div>\n\t\t\t\t<div class=\"elementor-element elementor-element-45be7646 elementor-widget elementor-widget-text-editor\" data-id=\"45be7646\" data-element_type=\"widget\" data-widget_type=\"text-editor.default\">\n\t\t\t\t<div class=\"elementor-widget-container\">\n\t\t\t\t\t\t\t<strong style=\"font-style: inherit; background-color: var(--ast-global-color-5);\">Tel\u00e9fono: <a href=\"tel:+34658969856\">658 96 98 56<\/a><\/strong>\n<br>\n<strong>E-mail: <\/strong><a href=\"mailto:sensibilizaci\u00f3n@fundacionatenea.org\">sensibilizaci\u00f3n@fundacionatenea.org<\/a>\t\t\t\t\t\t<\/div>\n\t\t\t\t<\/div>\n\t\t\t\t\t<\/div>\n\t\t<\/div>\n\t\t\t\t\t<\/div>\n\t\t<\/section>\n\t\t\t\t<\/div>\n\t\t","protected":false},"excerpt":{"rendered":"<p>Contacta con nosotros \u00c1rea de de Gesti\u00f3n del conocimiento Tel\u00e9fono: 658 96 98 56 E-mail: sensibilizaci\u00f3n@fundacionatenea.org<\/p>\n","protected":false},"author":1,"featured_media":0,"parent":0,"menu_order":0,"comment_status":"closed","ping_status":"closed","template":"","meta":{"site-sidebar-layout":"no-sidebar","site-content-layout":"","ast-site-content-layout":"full-width-container","site-content-style":"default","site-sidebar-style":"default","ast-global-header-display":"","ast-banner-title-visibility":"","ast-main-header-display":"","ast-hfb-above-header-display":"","ast-hfb-below-header-display":"","ast-hfb-mobile-header-display":"","site-post-title":"disabled","ast-breadcrumbs-content":"","ast-featured-img":"disabled","footer-sml-layout":"","theme-transparent-header-meta":"","adv-header-id-meta":"","stick-header-meta":"","header-above-stick-meta":"","header-main-stick-meta":"","header-below-stick-meta":"","astra-migrate-meta-layouts":"default","ast-page-background-enabled":"default","ast-page-background-meta":{"desktop":{"background-color":"var(--ast-global-color-4)","background-image":"","background-repeat":"repeat","background-position":"center center","background-size":"auto","background-attachment":"scroll","background-type":"","background-media":"","overlay-type":"","overlay-color":"","overlay-gradient":""},"tablet":{"background-color":"","background-image":"","background-repeat":"repeat","background-position":"center center","background-size":"auto","background-attachment":"scroll","background-type":"","background-media":"","overlay-type":"","overlay-color":"","overlay-gradient":""},"mobile":{"background-color":"","background-image":"","background-repeat":"repeat","background-position":"center center","background-size":"auto","background-attachment":"scroll","background-type":"","background-media":"","overlay-type":"","overlay-color":"","overlay-gradient":""}},"ast-content-background-meta":{"desktop":{"background-color":"var(--ast-global-color-5)","background-image":"","background-repeat":"repeat","background-position":"center center","background-size":"auto","background-attachment":"scroll","background-type":"","background-media":"","overlay-type":"","overlay-color":"","overlay-gradient":""},"tablet":{"background-color":"var(--ast-global-color-5)","background-image":"","background-repeat":"repeat","background-position":"center center","background-size":"auto","background-attachment":"scroll","background-type":"","background-media":"","overlay-type":"","overlay-color":"","overlay-gradient":""},"mobile":{"background-color":"var(--ast-global-color-5)","background-image":"","background-repeat":"repeat","background-position":"center center","background-size":"auto","background-attachment":"scroll","background-type":"","background-media":"","overlay-type":"","overlay-color":"","overlay-gradient":""}},"footnotes":""},"class_list":["post-407","page","type-page","status-publish","hentry"],"yoast_head":"<!-- This site is optimized with the Yoast SEO plugin v22.2 - https:\/\/yoast.com\/wordpress\/plugins\/seo\/ -->\n<title>Contacto - G\u00e9nero y Adicciones<\/title>\n<meta name=\"robots\" content=\"index, follow, max-snippet:-1, max-image-preview:large, max-video-preview:-1\" \/>\n<link rel=\"canonical\" href=\"https:\/\/generoyadicciones.fundacionatenea.org\/?page_id=407\" \/>\n<meta property=\"og:locale\" content=\"es_ES\" \/>\n<meta property=\"og:type\" content=\"article\" \/>\n<meta property=\"og:title\" content=\"Contacto - G\u00e9nero y Adicciones\" \/>\n<meta property=\"og:description\" content=\"Contacta con nosotros \u00c1rea de de Gesti\u00f3n del conocimiento Tel\u00e9fono: 658 96 98 56 E-mail: sensibilizaci\u00f3n@fundacionatenea.org\" \/>\n<meta property=\"og:url\" content=\"https:\/\/generoyadicciones.fundacionatenea.org\/?page_id=407\" \/>\n<meta property=\"og:site_name\" content=\"G\u00e9nero y Adicciones\" \/>\n<meta property=\"article:modified_time\" content=\"2026-04-29T08:41:50+00:00\" \/>\n<meta name=\"twitter:card\" content=\"summary_large_image\" \/>\n<meta name=\"twitter:label1\" content=\"Tiempo de lectura\" \/>\n\t<meta name=\"twitter:data1\" content=\"1 minuto\" \/>\n<script type=\"application\/ld+json\" class=\"yoast-schema-graph\">{\"@context\":\"https:\/\/schema.org\",\"@graph\":[{\"@type\":\"WebPage\",\"@id\":\"https:\/\/generoyadicciones.fundacionatenea.org\/?page_id=407\",\"url\":\"https:\/\/generoyadicciones.fundacionatenea.org\/?page_id=407\",\"name\":\"Contacto - G\u00e9nero y Adicciones\",\"isPartOf\":{\"@id\":\"https:\/\/generoyadicciones.fundacionatenea.org\/#website\"},\"datePublished\":\"2024-03-18T15:12:33+00:00\",\"dateModified\":\"2026-04-29T08:41:50+00:00\",\"breadcrumb\":{\"@id\":\"https:\/\/generoyadicciones.fundacionatenea.org\/?page_id=407#breadcrumb\"},\"inLanguage\":\"es\",\"potentialAction\":[{\"@type\":\"ReadAction\",\"target\":[\"https:\/\/generoyadicciones.fundacionatenea.org\/?page_id=407\"]}]},{\"@type\":\"BreadcrumbList\",\"@id\":\"https:\/\/generoyadicciones.fundacionatenea.org\/?page_id=407#breadcrumb\",\"itemListElement\":[{\"@type\":\"ListItem\",\"position\":1,\"name\":\"Portada\",\"item\":\"https:\/\/generoyadicciones.fundacionatenea.org\/\"},{\"@type\":\"ListItem\",\"position\":2,\"name\":\"Contacto\"}]},{\"@type\":\"WebSite\",\"@id\":\"https:\/\/generoyadicciones.fundacionatenea.org\/#website\",\"url\":\"https:\/\/generoyadicciones.fundacionatenea.org\/\",\"name\":\"G\u00e9nero y Adicciones\",\"description\":\"\",\"publisher\":{\"@id\":\"https:\/\/generoyadicciones.fundacionatenea.org\/#organization\"},\"potentialAction\":[{\"@type\":\"SearchAction\",\"target\":{\"@type\":\"EntryPoint\",\"urlTemplate\":\"https:\/\/generoyadicciones.fundacionatenea.org\/?s={search_term_string}\"},\"query-input\":\"required name=search_term_string\"}],\"inLanguage\":\"es\"},{\"@type\":\"Organization\",\"@id\":\"https:\/\/generoyadicciones.fundacionatenea.org\/#organization\",\"name\":\"G\u00e9nero y Adicciones\",\"url\":\"https:\/\/generoyadicciones.fundacionatenea.org\/\",\"logo\":{\"@type\":\"ImageObject\",\"inLanguage\":\"es\",\"@id\":\"https:\/\/generoyadicciones.fundacionatenea.org\/#\/schema\/logo\/image\/\",\"url\":\"https:\/\/generoyadicciones.fundacionatenea.org\/wp-content\/uploads\/2024\/03\/5c23f5ea96bb88b2c791559baf0fbf16_400x400.jpeg\",\"contentUrl\":\"https:\/\/generoyadicciones.fundacionatenea.org\/wp-content\/uploads\/2024\/03\/5c23f5ea96bb88b2c791559baf0fbf16_400x400.jpeg\",\"width\":400,\"height\":400,\"caption\":\"G\u00e9nero y Adicciones\"},\"image\":{\"@id\":\"https:\/\/generoyadicciones.fundacionatenea.org\/#\/schema\/logo\/image\/\"}}]}<\/script>\n<!-- \/ Yoast SEO plugin. -->","yoast_head_json":{"title":"Contacto - G\u00e9nero y Adicciones","robots":{"index":"index","follow":"follow","max-snippet":"max-snippet:-1","max-image-preview":"max-image-preview:large","max-video-preview":"max-video-preview:-1"},"canonical":"https:\/\/generoyadicciones.fundacionatenea.org\/?page_id=407","og_locale":"es_ES","og_type":"article","og_title":"Contacto - G\u00e9nero y Adicciones","og_description":"Contacta con nosotros \u00c1rea de de Gesti\u00f3n del conocimiento Tel\u00e9fono: 658 96 98 56 E-mail: sensibilizaci\u00f3n@fundacionatenea.org","og_url":"https:\/\/generoyadicciones.fundacionatenea.org\/?page_id=407","og_site_name":"G\u00e9nero y Adicciones","article_modified_time":"2026-04-29T08:41:50+00:00","twitter_card":"summary_large_image","twitter_misc":{"Tiempo de lectura":"1 minuto"},"schema":{"@context":"https:\/\/schema.org","@graph":[{"@type":"WebPage","@id":"https:\/\/generoyadicciones.fundacionatenea.org\/?page_id=407","url":"https:\/\/generoyadicciones.fundacionatenea.org\/?page_id=407","name":"Contacto - G\u00e9nero y Adicciones","isPartOf":{"@id":"https:\/\/generoyadicciones.fundacionatenea.org\/#website"},"datePublished":"2024-03-18T15:12:33+00:00","dateModified":"2026-04-29T08:41:50+00:00","breadcrumb":{"@id":"https:\/\/generoyadicciones.fundacionatenea.org\/?page_id=407#breadcrumb"},"inLanguage":"es","potentialAction":[{"@type":"ReadAction","target":["https:\/\/generoyadicciones.fundacionatenea.org\/?page_id=407"]}]},{"@type":"BreadcrumbList","@id":"https:\/\/generoyadicciones.fundacionatenea.org\/?page_id=407#breadcrumb","itemListElement":[{"@type":"ListItem","position":1,"name":"Portada","item":"https:\/\/generoyadicciones.fundacionatenea.org\/"},{"@type":"ListItem","position":2,"name":"Contacto"}]},{"@type":"WebSite","@id":"https:\/\/generoyadicciones.fundacionatenea.org\/#website","url":"https:\/\/generoyadicciones.fundacionatenea.org\/","name":"G\u00e9nero y Adicciones","description":"","publisher":{"@id":"https:\/\/generoyadicciones.fundacionatenea.org\/#organization"},"potentialAction":[{"@type":"SearchAction","target":{"@type":"EntryPoint","urlTemplate":"https:\/\/generoyadicciones.fundacionatenea.org\/?s={search_term_string}"},"query-input":"required name=search_term_string"}],"inLanguage":"es"},{"@type":"Organization","@id":"https:\/\/generoyadicciones.fundacionatenea.org\/#organization","name":"G\u00e9nero y Adicciones","url":"https:\/\/generoyadicciones.fundacionatenea.org\/","logo":{"@type":"ImageObject","inLanguage":"es","@id":"https:\/\/generoyadicciones.fundacionatenea.org\/#\/schema\/logo\/image\/","url":"https:\/\/generoyadicciones.fundacionatenea.org\/wp-content\/uploads\/2024\/03\/5c23f5ea96bb88b2c791559baf0fbf16_400x400.jpeg","contentUrl":"https:\/\/generoyadicciones.fundacionatenea.org\/wp-content\/uploads\/2024\/03\/5c23f5ea96bb88b2c791559baf0fbf16_400x400.jpeg","width":400,"height":400,"caption":"G\u00e9nero y Adicciones"},"image":{"@id":"https:\/\/generoyadicciones.fundacionatenea.org\/#\/schema\/logo\/image\/"}}]}},"_links":{"self":[{"href":"https:\/\/generoyadicciones.fundacionatenea.org\/index.php?rest_route=\/wp\/v2\/pages\/407","targetHints":{"allow":["GET"]}}],"collection":[{"href":"https:\/\/generoyadicciones.fundacionatenea.org\/index.php?rest_route=\/wp\/v2\/pages"}],"about":[{"href":"https:\/\/generoyadicciones.fundacionatenea.org\/index.php?rest_route=\/wp\/v2\/types\/page"}],"author":[{"embeddable":true,"href":"https:\/\/generoyadicciones.fundacionatenea.org\/index.php?rest_route=\/wp\/v2\/users\/1"}],"replies":[{"embeddable":true,"href":"https:\/\/generoyadicciones.fundacionatenea.org\/index.php?rest_route=%2Fwp%2Fv2%2Fcomments&post=407"}],"version-history":[{"count":34,"href":"https:\/\/generoyadicciones.fundacionatenea.org\/index.php?rest_route=\/wp\/v2\/pages\/407\/revisions"}],"predecessor-version":[{"id":710,"href":"https:\/\/generoyadicciones.fundacionatenea.org\/index.php?rest_route=\/wp\/v2\/pages\/407\/revisions\/710"}],"wp:attachment":[{"href":"https:\/\/generoyadicciones.fundacionatenea.org\/index.php?rest_route=%2Fwp%2Fv2%2Fmedia&parent=407"}],"curies":[{"name":"wp","href":"https:\/\/api.w.org\/{rel}","templated":true}]}}